{"id":3241,"date":"2018-03-06T10:19:50","date_gmt":"2018-03-06T10:19:50","guid":{"rendered":"https:\/\/fillenergi.ee\/about-us\/"},"modified":"2018-11-05T00:37:57","modified_gmt":"2018-11-05T00:37:57","slug":"meist","status":"publish","type":"page","link":"https:\/\/fillenergi.ee\/et\/meist\/","title":{"rendered":"Meist"},"content":{"rendered":"<div class=\"wpb-content-wrapper\">[vc_row full_width=&#8221;stretch_row&#8221; equal_height=&#8221;yes&#8221; content_placement=&#8221;middle&#8221; css=&#8221;.vc_custom_1537913856697{padding-top: 0px !important;padding-bottom: 0px !important;}&#8221;][vc_column width=&#8221;2\/3&#8243;][gt3_spacing height=&#8221;25px&#8221; responsive_es=&#8221;true&#8221; height_mobile=&#8221;30&#8243;][vc_column_text]\n<h3>Meie <strong>ettev\u00f5ttest<\/strong><\/h3>\n[\/vc_column_text][gt3_spacing height=&#8221;20px&#8221;][gt3_custom_text text_color=&#8221;#777b93&#8243; font_size=&#8221;14&#8243; line_height=&#8221;190&#8243;]<strong>Fillenergi O\u00dc<\/strong>\u00a0on ettev\u00f5te, mis tegeleb suure kaubavaliku m\u00fc\u00fcgiga , kuid meie p\u00f5hiliseks tegevussuunaks on k\u00fcttepelletid, saematerjal, s\u00fcsi, \u00f5lid, metalltooted ja transporditeenused. Meie ettev\u00f5ttel on tugevad partnerlussidemed paljude riikide kaubatootjatega Poolas, Slovakkias, Sloveenias, Ungaris, Horvaatias, Itaalias ning loomulikult ka Baltimaades. \u00a0Aastate jooksul arendatud t\u00f6\u00f6sidemed, annavad meile kindlustunde, et suudame oma klientidele pakkuda parimaid teenuseid parima hinnaga.[\/gt3_custom_text][gt3_spacing height=&#8221;35px&#8221;][\/vc_column][vc_column width=&#8221;1\/3&#8243;][gt3_spacing height=&#8221;25px&#8221; responsive_es=&#8221;true&#8221; height_mobile=&#8221;30&#8243;][vc_single_image image=&#8221;3694&#8243; img_size=&#8221;full&#8221;][gt3_spacing height=&#8221;35px&#8221;][\/vc_column][\/vc_row][vc_row full_width=&#8221;stretch_row&#8221; equal_height=&#8221;yes&#8221; content_placement=&#8221;middle&#8221; css=&#8221;.vc_custom_1537913730203{padding-top: 0px !important;padding-bottom: 0px !important;background-color: #fafcff !important;}&#8221;][vc_column width=&#8221;1\/3&#8243; css=&#8221;.vc_custom_1537913349639{padding-top: 0px !important;padding-bottom: 0px !important;}&#8221;][gt3_spacing height=&#8221;35px&#8221;][vc_single_image image=&#8221;3697&#8243; img_size=&#8221;full&#8221;][gt3_spacing height=&#8221;35px&#8221;][\/vc_column][vc_column width=&#8221;2\/3&#8243; css=&#8221;.vc_custom_1537913346039{padding-top: 0px !important;padding-bottom: 0px !important;}&#8221;][gt3_spacing height=&#8221;35px&#8221;][vc_column_text]\n<h3>Meie ettev\u00f5te <strong>loodi 2012. aastal<\/strong><\/h3>\n[\/vc_column_text][gt3_spacing height=&#8221;20px&#8221;][gt3_custom_text text_color=&#8221;#777b93&#8243; font_size=&#8221;14&#8243; line_height=&#8221;190&#8243;]Oleme v\u00e4ga uhked selle \u00fcle, et kliendid hindavad meid selle eest, et tarnime \u00f5igeaeselt neile vajalikud kaubad k\u00f5ikjal Euroopas. Me saame oma klientidele pakkuda parimat hinda, kuna\u00a0 meil on pikaajalised partnerlussuhted tootjatega ning p\u00fcsivad lepingud nende kaupade tarnimiseks.\u00a0 Seoses sellega, et meie ettev\u00f5te tarnib suurel hulgal kaupu erinevatesse Euroopa riikidesse, on meil kujunenud ka v\u00e4ga head suhted paljude transpordifirmade ja ekspediitoritega. Meie ettev\u00f5te areneb pidevalt ning ootame lahkesti \u00a0meie juurde uusi kliente ja \u00e4ripartnereid.[\/gt3_custom_text][gt3_spacing height=&#8221;35px&#8221;][\/vc_column][\/vc_row][vc_row full_width=&#8221;stretch_row&#8221; equal_height=&#8221;yes&#8221; content_placement=&#8221;middle&#8221; css=&#8221;.vc_custom_1537913677003{padding-top: 0px !important;padding-bottom: 0px !important;}&#8221;][vc_column width=&#8221;2\/3&#8243; css=&#8221;.vc_custom_1537913378458{padding-top: 0px !important;padding-bottom: 0px !important;}&#8221;][gt3_spacing height=&#8221;35px&#8221;][vc_column_text]\n<h3>Miks <strong>meie?<\/strong><\/h3>\n[\/vc_column_text][gt3_spacing height=&#8221;20px&#8221;][gt3_custom_text text_color=&#8221;#777b93&#8243; font_size=&#8221;14&#8243; line_height=&#8221;190&#8243;]Me saame alati v\u00e4ga kiiresti ning sobiva hinnaga leida transpordi vajalikul suunal, mis v\u00f5imaldab meil kujundada konkurentsiv\u00f5imelist hinda sihtpunktis ning leida kiireim v\u00f5imalus kaupade tarnimiseks. Meie teenuste- ja kaubavaliku laiendamine, pakkudes seejuures kliendile maksimaalselt kvaliteetseid ja mugavaid tingimusi, on olnud alati meie kreedoks.\u00a0 Kui vajate stabiilset kaubatarnijat ning partnerit, kelle peale v\u00f5ite lootma j\u00e4\u00e4da, p\u00f6\u00f6rduge meie poole ning Te n\u00e4ete,\u00a0 et tubli partneriga v\u00f5ib t\u00f6\u00f6 kulgeda rahulikult ja olla produktiivne.[\/gt3_custom_text][gt3_spacing height=&#8221;35px&#8221;][\/vc_column][vc_column width=&#8221;1\/3&#8243; css=&#8221;.vc_custom_1537913374424{padding-top: 0px !important;padding-bottom: 0px !important;}&#8221;][gt3_spacing height=&#8221;35px&#8221;][vc_single_image image=&#8221;3700&#8243; img_size=&#8221;full&#8221;][gt3_spacing height=&#8221;35px&#8221;][\/vc_column][\/vc_row]\n<\/div>","protected":false},"excerpt":{"rendered":"<p>[vc_row full_width=&#8221;stretch_row&#8221; equal_height=&#8221;yes&#8221; content_placement=&#8221;middle&#8221; css=&#8221;.vc_custom_1537913856697{padding-top: 0px !important;padding-bottom: 0px !important;}&#8221;][vc_column width=&#8221;2\/3&#8243;][gt3_spacing height=&#8221;25px&#8221; responsive_es=&#8221;true&#8221; height_mobile=&#8221;30&#8243;][vc_column_text] Meie ettev\u00f5ttest [\/vc_column_text][gt3_spacing height=&#8221;20px&#8221;][gt3_custom_text text_color=&#8221;#777b93&#8243; font_size=&#8221;14&#8243; line_height=&#8221;190&#8243;]Fillenergi O\u00dc\u00a0on ettev\u00f5te, mis tegeleb suure kaubavaliku m\u00fc\u00fcgiga , kuid meie p\u00f5hiliseks tegevussuunaks on k\u00fcttepelletid, saematerjal, s\u00fcsi, \u00f5lid, metalltooted ja transporditeenused. Meie ettev\u00f5ttel on tugevad partnerlussidemed paljude riikide kaubatootjatega Poolas, Slovakkias, Sloveenias, Ungaris, Horvaatias, Itaalias ning [&hellip;]<\/p>\n","protected":false},"author":1,"featured_media":0,"parent":0,"menu_order":0,"comment_status":"closed","ping_status":"closed","template":"","meta":{"footnotes":""},"class_list":["post-3241","page","type-page","status-publish","hentry"],"_links":{"self":[{"href":"https:\/\/fillenergi.ee\/et\/wp-json\/wp\/v2\/pages\/3241","targetHints":{"allow":["GET"]}}],"collection":[{"href":"https:\/\/fillenergi.ee\/et\/wp-json\/wp\/v2\/pages"}],"about":[{"href":"https:\/\/fillenergi.ee\/et\/wp-json\/wp\/v2\/types\/page"}],"author":[{"embeddable":true,"href":"https:\/\/fillenergi.ee\/et\/wp-json\/wp\/v2\/users\/1"}],"replies":[{"embeddable":true,"href":"https:\/\/fillenergi.ee\/et\/wp-json\/wp\/v2\/comments?post=3241"}],"version-history":[{"count":7,"href":"https:\/\/fillenergi.ee\/et\/wp-json\/wp\/v2\/pages\/3241\/revisions"}],"predecessor-version":[{"id":3713,"href":"https:\/\/fillenergi.ee\/et\/wp-json\/wp\/v2\/pages\/3241\/revisions\/3713"}],"wp:attachment":[{"href":"https:\/\/fillenergi.ee\/et\/wp-json\/wp\/v2\/media?parent=3241"}],"curies":[{"name":"wp","href":"https:\/\/api.w.org\/{rel}","templated":true}]}}