{"id":3285,"date":"2017-01-11T13:25:51","date_gmt":"2017-01-11T13:25:51","guid":{"rendered":"https:\/\/fillenergi.ee\/home-2\/"},"modified":"2018-11-09T17:51:02","modified_gmt":"2018-11-09T17:51:02","slug":"home-2","status":"publish","type":"page","link":"https:\/\/fillenergi.ee\/et\/","title":{"rendered":"Avaleht"},"content":{"rendered":"<div class=\"wpb-content-wrapper\">[vc_row full_width=&#8221;stretch_row_content_no_spaces&#8221; css=&#8221;.vc_custom_1537905838822{margin-top: -90px !important;}&#8221;][vc_column][rev_slider_vc alias=&#8221;home-est&#8221;][\/vc_column][\/vc_row][vc_row full_width=&#8221;stretch_row&#8221; css=&#8221;.vc_custom_1537903492609{background-color: #ffffff !important;}&#8221;][vc_column][gt3_spacing height=&#8221;10px&#8221;][vc_column_text]\n<h2 style=\"text-align: center;\">Meie <strong>teenused<\/strong><\/h2>\n[\/vc_column_text][gt3_spacing height=&#8221;14px&#8221;][gt3_custom_text text_color=&#8221;&#8221; font_size=&#8221;12&#8243;]\n<h6 style=\"text-align: center;\">MIDA ME V\u00d5IME TEILE PAKKUDA?<\/h6>\n[\/gt3_custom_text][gt3_spacing height=&#8221;45px&#8221;][vc_row_inner][vc_column_inner width=&#8221;1\/3&#8243;][vc_single_image image=&#8221;3494&#8243; img_size=&#8221;full&#8221;][vc_custom_heading text=&#8221;Logistikateenused&#8221; font_container=&#8221;tag:h4|font_size:18|text_align:center&#8221; use_theme_fonts=&#8221;yes&#8221; css=&#8221;.vc_custom_1541437967111{margin-top: 20px !important;}&#8221; link=&#8221;url:https%3A%2F%2Ffillenergi.ee%2Fet%2Fteenused%2Flogistikateenused%2F|||&#8221;][gt3_spacing height=&#8221;10px&#8221;][gt3_custom_text text_color=&#8221;#777b93&#8243; font_size=&#8221;15&#8243; line_height=&#8221;180&#8243;]\n<p style=\"text-align: center;\">Meil on individuaalne l\u00e4henemine igale tellimusele \u2014\u00a0meie jaoks on esmat\u00e4htis l\u00f5pptulemus ja kliendi rahulolu.<\/p>\n[\/gt3_custom_text][gt3_spacing height=&#8221;30px&#8221;][\/vc_column_inner][vc_column_inner width=&#8221;1\/3&#8243;][vc_single_image image=&#8221;3502&#8243; img_size=&#8221;full&#8221;][vc_custom_heading text=&#8221;Pelletid&#8221; font_container=&#8221;tag:h4|font_size:18|text_align:center&#8221; use_theme_fonts=&#8221;yes&#8221; css=&#8221;.vc_custom_1541446348836{margin-top: 20px !important;}&#8221; link=&#8221;url:https%3A%2F%2Ffillenergi.ee%2Fet%2Ftootekategooria%2Fpelletid%2F|||&#8221;][gt3_spacing height=&#8221;10px&#8221;][gt3_custom_text text_color=&#8221;#777b93&#8243; font_size=&#8221;15&#8243; line_height=&#8221;180&#8243;]\n<p style=\"text-align: center;\">Puidugraanulid on k\u00fctmiseks kasutatavatest puitk\u00fctuste t\u00fc\u00fcpidest k\u00f5ige uuenduslikum ja energiat\u00f5husam.<\/p>\n[\/gt3_custom_text][gt3_spacing height=&#8221;30px&#8221;][\/vc_column_inner][vc_column_inner width=&#8221;1\/3&#8243;][vc_single_image image=&#8221;3507&#8243; img_size=&#8221;full&#8221;][vc_custom_heading text=&#8221;S\u00fcsi&#8221; font_container=&#8221;tag:h4|font_size:18|text_align:center&#8221; use_theme_fonts=&#8221;yes&#8221; css=&#8221;.vc_custom_1541446325797{margin-top: 20px !important;}&#8221; link=&#8221;url:https%3A%2F%2Ffillenergi.ee%2Fet%2Ftootekategooria%2Fsusi%2F|||&#8221;][gt3_spacing height=&#8221;10px&#8221;][gt3_custom_text text_color=&#8221;#777b93&#8243; font_size=&#8221;15&#8243; line_height=&#8221;180&#8243;]\n<p style=\"text-align: center;\">Puus\u00fcsi on k\u00f5ige populaarsem k\u00fcttekeha grillide, kaminateja muude sarnaste seadmete jaoks.<\/p>\n[\/gt3_custom_text][gt3_spacing height=&#8221;30px&#8221;][\/vc_column_inner][\/vc_row_inner][gt3_spacing height=&#8221;20px&#8221;][\/vc_column][\/vc_row][vc_row equal_height=&#8221;yes&#8221; css=&#8221;.vc_custom_1537907885610{margin-top: 0px !important;margin-bottom: 0px !important;background: #f8fbff url(https:\/\/fillenergi.ee\/wp-content\/uploads\/2018\/09\/background-2.jpg?id=3576) !important;}&#8221;][vc_column][gt3_spacing height=&#8221;20px&#8221;][vc_column_text]\n<h2 style=\"text-align: center;\"><span style=\"color: #ffffff;\"><strong>Meist<\/strong><\/span><\/h2>\n[\/vc_column_text][gt3_spacing height=&#8221;14px&#8221;][gt3_custom_text text_color=&#8221;#ffffff&#8221; font_size=&#8221;12&#8243;]\n<h6 style=\"text-align: center;\">MEIE ETTEV\u00d5TE LOODI 2012. AASTAL<\/h6>\n[\/gt3_custom_text][gt3_spacing height=&#8221;35px&#8221;][gt3_custom_text text_color=&#8221;#ffffff&#8221; font_size=&#8221;16&#8243; line_height=&#8221;190&#8243;]\n<p style=\"text-align: center;\">Fillenergi O\u00dc on ettev\u00f5te, mis tegeleb suure kaubavaliku m\u00fc\u00fcgiga , kuid meie p\u00f5hiliseks tegevussuunaks on k\u00fcttepelletid, saematerjal, s\u00fcsi, \u00f5lid, metalltooted ja transporditeenused. Meie ettev\u00f5ttel on tugevad partnerlussidemed paljude riikide kaubatootjatega Poolas, Slovakkias, Sloveenias, Ungaris, Horvaatias, Itaalias ning loomulikult ka Baltimaades. Aastate jooksul arendatud t\u00f6\u00f6sidemed, annavad meile kindlustunde, et suudame oma klientidele pakkuda parimaid teenuseid parima hinnaga.<\/p>\n[\/gt3_custom_text][gt3_spacing height=&#8221;10px&#8221;][gt3_custom_text text_color=&#8221;#ffffff&#8221; font_size=&#8221;16&#8243; line_height=&#8221;190&#8243;]\n<p style=\"text-align: center;\"><span>Oleme v\u00e4ga uhked selle \u00fcle, et kliendid hindavad meid selle eest, et tarnime \u00f5igeaeselt neile vajalikud kaubad k\u00f5ikjal Euroopas. Me saame oma klientidele pakkuda parimat hinda, kuna\u00a0 meil on pikaajalised partnerlussuhted tootjatega ning p\u00fcsivad lepingud nende kaupade tarnimiseks.<\/span><\/p>\n[\/gt3_custom_text][gt3_spacing height=&#8221;55px&#8221;][\/vc_column][\/vc_row]\n<\/div>","protected":false},"excerpt":{"rendered":"<p>[vc_row full_width=&#8221;stretch_row_content_no_spaces&#8221; css=&#8221;.vc_custom_1537905838822{margin-top: -90px !important;}&#8221;][vc_column][rev_slider_vc alias=&#8221;home-est&#8221;][\/vc_column][\/vc_row][vc_row full_width=&#8221;stretch_row&#8221; css=&#8221;.vc_custom_1537903492609{background-color: #ffffff !important;}&#8221;][vc_column][gt3_spacing height=&#8221;10px&#8221;][vc_column_text] Meie teenused [\/vc_column_text][gt3_spacing height=&#8221;14px&#8221;][gt3_custom_text text_color=&#8221;&#8221; font_size=&#8221;12&#8243;] MIDA ME V\u00d5IME TEILE PAKKUDA? [\/gt3_custom_text][gt3_spacing height=&#8221;45px&#8221;][vc_row_inner][vc_column_inner width=&#8221;1\/3&#8243;][vc_single_image image=&#8221;3494&#8243; img_size=&#8221;full&#8221;][vc_custom_heading text=&#8221;Logistikateenused&#8221; font_container=&#8221;tag:h4|font_size:18|text_align:center&#8221; use_theme_fonts=&#8221;yes&#8221; css=&#8221;.vc_custom_1541437967111{margin-top: 20px !important;}&#8221; link=&#8221;url:https%3A%2F%2Ffillenergi.ee%2Fet%2Fteenused%2Flogistikateenused%2F|||&#8221;][gt3_spacing height=&#8221;10px&#8221;][gt3_custom_text text_color=&#8221;#777b93&#8243; font_size=&#8221;15&#8243; line_height=&#8221;180&#8243;] Meil on individuaalne l\u00e4henemine igale tellimusele \u2014\u00a0meie jaoks on esmat\u00e4htis l\u00f5pptulemus ja kliendi rahulolu. [\/gt3_custom_text][gt3_spacing height=&#8221;30px&#8221;][\/vc_column_inner][vc_column_inner width=&#8221;1\/3&#8243;][vc_single_image [&hellip;]<\/p>\n","protected":false},"author":1,"featured_media":0,"parent":0,"menu_order":0,"comment_status":"closed","ping_status":"closed","template":"full-width.php","meta":{"footnotes":""},"class_list":["post-3285","page","type-page","status-publish","hentry"],"_links":{"self":[{"href":"https:\/\/fillenergi.ee\/et\/wp-json\/wp\/v2\/pages\/3285","targetHints":{"allow":["GET"]}}],"collection":[{"href":"https:\/\/fillenergi.ee\/et\/wp-json\/wp\/v2\/pages"}],"about":[{"href":"https:\/\/fillenergi.ee\/et\/wp-json\/wp\/v2\/types\/page"}],"author":[{"embeddable":true,"href":"https:\/\/fillenergi.ee\/et\/wp-json\/wp\/v2\/users\/1"}],"replies":[{"embeddable":true,"href":"https:\/\/fillenergi.ee\/et\/wp-json\/wp\/v2\/comments?post=3285"}],"version-history":[{"count":13,"href":"https:\/\/fillenergi.ee\/et\/wp-json\/wp\/v2\/pages\/3285\/revisions"}],"predecessor-version":[{"id":3773,"href":"https:\/\/fillenergi.ee\/et\/wp-json\/wp\/v2\/pages\/3285\/revisions\/3773"}],"wp:attachment":[{"href":"https:\/\/fillenergi.ee\/et\/wp-json\/wp\/v2\/media?parent=3285"}],"curies":[{"name":"wp","href":"https:\/\/api.w.org\/{rel}","templated":true}]}}