{"id":3287,"date":"2017-01-18T13:15:21","date_gmt":"2017-01-18T13:15:21","guid":{"rendered":"https:\/\/fillenergi.ee\/services\/"},"modified":"2018-11-09T17:50:29","modified_gmt":"2018-11-09T17:50:29","slug":"teenused","status":"publish","type":"page","link":"https:\/\/fillenergi.ee\/et\/teenused\/","title":{"rendered":"Teenused"},"content":{"rendered":"<div class=\"wpb-content-wrapper\">[vc_row full_width=&#8221;stretch_row&#8221; css=&#8221;.vc_custom_1537908143307{background-color: #ffffff !important;}&#8221;][vc_column css=&#8221;.vc_custom_1537908136411{padding-top: 0px !important;padding-bottom: 0px !important;}&#8221;][gt3_spacing height=&#8221;10px&#8221;][vc_column_text]\n<h2 style=\"text-align: center;\">Meie <strong>teenused<\/strong><\/h2>\n[\/vc_column_text][gt3_spacing height=&#8221;14px&#8221;][gt3_custom_text text_color=&#8221;&#8221; font_size=&#8221;12&#8243;]\n<h6 style=\"text-align: center;\">MIDA ME V\u00d5IME TEILE PAKKUDA?<\/h6>\n[\/gt3_custom_text][gt3_spacing height=&#8221;45px&#8221;][vc_row_inner][vc_column_inner width=&#8221;1\/3&#8243;][vc_single_image image=&#8221;3494&#8243; img_size=&#8221;full&#8221;][vc_custom_heading text=&#8221;Logistikateenused&#8221; font_container=&#8221;tag:h4|font_size:18|text_align:center&#8221; use_theme_fonts=&#8221;yes&#8221; css=&#8221;.vc_custom_1541438003503{margin-top: 20px !important;}&#8221; link=&#8221;url:https%3A%2F%2Ffillenergi.ee%2Fet%2Fteenused%2Flogistikateenused%2F|||&#8221;][gt3_spacing height=&#8221;10px&#8221;][gt3_custom_text text_color=&#8221;#777b93&#8243; font_size=&#8221;15&#8243; line_height=&#8221;180&#8243;]\n<p style=\"text-align: center;\">Meil on individuaalne l\u00e4henemine igale tellimusele \u2014\u00a0meie jaoks on esmat\u00e4htis l\u00f5pptulemus ja kliendi rahulolu.<\/p>\n[\/gt3_custom_text][gt3_spacing height=&#8221;30px&#8221;][\/vc_column_inner][vc_column_inner width=&#8221;1\/3&#8243;][vc_single_image image=&#8221;3502&#8243; img_size=&#8221;full&#8221;][vc_custom_heading text=&#8221;Pelletid&#8221; font_container=&#8221;tag:h4|font_size:18|text_align:center&#8221; use_theme_fonts=&#8221;yes&#8221; css=&#8221;.vc_custom_1541446228565{margin-top: 20px !important;}&#8221; link=&#8221;url:https%3A%2F%2Ffillenergi.ee%2Fet%2Ftootekategooria%2Fpelletid%2F|||&#8221;][gt3_spacing height=&#8221;10px&#8221;][gt3_custom_text text_color=&#8221;#777b93&#8243; font_size=&#8221;15&#8243; line_height=&#8221;180&#8243;]\n<div class=\"gt3_custom_text\" data-color=\"#ffffff\">\n<p style=\"text-align: center;\">Puidugraanulid on k\u00fctmiseks kasutatavatest puitk\u00fctuste t\u00fc\u00fcpidest k\u00f5ige uuenduslikum ja energiat\u00f5husam.<\/p>\n<\/div>\n[\/gt3_custom_text][gt3_spacing height=&#8221;30px&#8221;][\/vc_column_inner][vc_column_inner width=&#8221;1\/3&#8243;][vc_single_image image=&#8221;3507&#8243; img_size=&#8221;full&#8221;][vc_custom_heading text=&#8221;S\u00fcsi&#8221; font_container=&#8221;tag:h4|font_size:18|text_align:center&#8221; use_theme_fonts=&#8221;yes&#8221; css=&#8221;.vc_custom_1541446189944{margin-top: 20px !important;}&#8221; link=&#8221;url:https%3A%2F%2Ffillenergi.ee%2Fet%2Ftootekategooria%2Fsusi%2F|||&#8221;][gt3_spacing height=&#8221;10px&#8221;][gt3_custom_text text_color=&#8221;#777b93&#8243; font_size=&#8221;15&#8243; line_height=&#8221;180&#8243;]\n<div class=\"gt3_custom_text\" data-color=\"#ffffff\">\n<p style=\"text-align: center;\">Puus\u00fcsi on k\u00f5ige populaarsem k\u00fcttekeha grillide, kaminateja muude sarnaste seadmete jaoks.<\/p>\n<\/div>\n[\/gt3_custom_text][gt3_spacing height=&#8221;30px&#8221;][\/vc_column_inner][\/vc_row_inner][\/vc_column][\/vc_row][vc_row][vc_column][gt3_spacing height=&#8221;20px&#8221;][\/vc_column][\/vc_row]\n<\/div>","protected":false},"excerpt":{"rendered":"<p>[vc_row full_width=&#8221;stretch_row&#8221; css=&#8221;.vc_custom_1537908143307{background-color: #ffffff !important;}&#8221;][vc_column css=&#8221;.vc_custom_1537908136411{padding-top: 0px !important;padding-bottom: 0px !important;}&#8221;][gt3_spacing height=&#8221;10px&#8221;][vc_column_text] Meie teenused [\/vc_column_text][gt3_spacing height=&#8221;14px&#8221;][gt3_custom_text text_color=&#8221;&#8221; font_size=&#8221;12&#8243;] MIDA ME V\u00d5IME TEILE PAKKUDA? [\/gt3_custom_text][gt3_spacing height=&#8221;45px&#8221;][vc_row_inner][vc_column_inner width=&#8221;1\/3&#8243;][vc_single_image image=&#8221;3494&#8243; img_size=&#8221;full&#8221;][vc_custom_heading text=&#8221;Logistikateenused&#8221; font_container=&#8221;tag:h4|font_size:18|text_align:center&#8221; use_theme_fonts=&#8221;yes&#8221; css=&#8221;.vc_custom_1541438003503{margin-top: 20px !important;}&#8221; link=&#8221;url:https%3A%2F%2Ffillenergi.ee%2Fet%2Fteenused%2Flogistikateenused%2F|||&#8221;][gt3_spacing height=&#8221;10px&#8221;][gt3_custom_text text_color=&#8221;#777b93&#8243; font_size=&#8221;15&#8243; line_height=&#8221;180&#8243;] Meil on individuaalne l\u00e4henemine igale tellimusele \u2014\u00a0meie jaoks on esmat\u00e4htis l\u00f5pptulemus ja kliendi rahulolu. [\/gt3_custom_text][gt3_spacing height=&#8221;30px&#8221;][\/vc_column_inner][vc_column_inner width=&#8221;1\/3&#8243;][vc_single_image [&hellip;]<\/p>\n","protected":false},"author":1,"featured_media":0,"parent":0,"menu_order":0,"comment_status":"closed","ping_status":"closed","template":"","meta":{"footnotes":""},"class_list":["post-3287","page","type-page","status-publish","hentry"],"_links":{"self":[{"href":"https:\/\/fillenergi.ee\/et\/wp-json\/wp\/v2\/pages\/3287","targetHints":{"allow":["GET"]}}],"collection":[{"href":"https:\/\/fillenergi.ee\/et\/wp-json\/wp\/v2\/pages"}],"about":[{"href":"https:\/\/fillenergi.ee\/et\/wp-json\/wp\/v2\/types\/page"}],"author":[{"embeddable":true,"href":"https:\/\/fillenergi.ee\/et\/wp-json\/wp\/v2\/users\/1"}],"replies":[{"embeddable":true,"href":"https:\/\/fillenergi.ee\/et\/wp-json\/wp\/v2\/comments?post=3287"}],"version-history":[{"count":8,"href":"https:\/\/fillenergi.ee\/et\/wp-json\/wp\/v2\/pages\/3287\/revisions"}],"predecessor-version":[{"id":3772,"href":"https:\/\/fillenergi.ee\/et\/wp-json\/wp\/v2\/pages\/3287\/revisions\/3772"}],"wp:attachment":[{"href":"https:\/\/fillenergi.ee\/et\/wp-json\/wp\/v2\/media?parent=3287"}],"curies":[{"name":"wp","href":"https:\/\/api.w.org\/{rel}","templated":true}]}}