{"id":3726,"date":"2018-09-25T20:11:57","date_gmt":"2018-09-25T20:11:57","guid":{"rendered":"https:\/\/fillenergi.ee\/teenused\/%d0%bb%d0%be%d0%b3%d0%b8%d1%81%d1%82%d0%b8%d1%87%d0%b5%d1%81%d0%ba%d0%b8%d0%b5-%d1%83%d1%81%d0%bb%d1%83%d0%b3%d0%b8\/"},"modified":"2018-11-05T17:11:52","modified_gmt":"2018-11-05T17:11:52","slug":"logistikateenused","status":"publish","type":"page","link":"https:\/\/fillenergi.ee\/et\/teenused\/logistikateenused\/","title":{"rendered":"Logistikateenused"},"content":{"rendered":"<div class=\"wpb-content-wrapper\">[vc_row][vc_column][vc_custom_heading source=&#8221;post_title&#8221; use_theme_fonts=&#8221;yes&#8221; css=&#8221;.vc_custom_1537906385437{margin-bottom: 25px !important;}&#8221;][vc_column_text]Pakume kolimis-ja veoteenuseid alates 2012. aastast.\u00a0 Selle aja jooksul on meie poolt t\u00e4idetud suur hulk erinevat liiki ja erineva raskusastmega t\u00f6id. Meie teenuseid kasutavad nii eraisikud, kui ka erinevad firmad.<\/p>\n<p>Meil on individuaalne l\u00e4henemine igale tellimusele \u2014\u00a0meie jaoks on esmat\u00e4htis l\u00f5pptulemus ja kliendi rahulolu.<\/p>\n<p>Lisaks sellele, et v\u00f5ite meie juurest tellida t\u00e4iemahulist logistikateenust, saate ka meie ettev\u00f5ttele delegeerida k\u00f5iki logistikaalaseid volitusi seoses Teie ettev\u00f5tte t\u00f6\u00f6ga<em> outsourcing<\/em>\u2019u p\u00f5him\u00f5ttel, j\u00e4\u00e4des ise seejuures vaatlejaks t\u00e4htsate \u00fclesannete lahendamisel seoses veoste \u00f5igeaegse ja optimaalse tarnega.[\/vc_column_text][gt3_spacing height=&#8221;40px&#8221;][\/vc_column][\/vc_row][vc_row][vc_column width=&#8221;1\/3&#8243;][vc_single_image image=&#8221;3612&#8243; img_size=&#8221;full&#8221;][gt3_spacing height=&#8221;30px&#8221;][\/vc_column][vc_column width=&#8221;2\/3&#8243;][vc_column_text]<strong>Meie ettev\u00f5te tegevus ei piirdu \u00fcksnes veoste f\u00fc\u00fcsilise tarnega k\u00f5ikjal Euroopas. Veose tarnega seotud toimingute hulka kuulub:<\/strong><\/p>\n<ul class=\"gt3_list_angle_right\">\n<li>tarne teekonna v\u00e4ljat\u00f6\u00f6tamine ja tarneviisi valik, arvestades veose erip\u00e4ra ja kliendi n\u00f5udmisi<\/li>\n<li>kogu vajaliku kauba- ja saatedokumentatsiooni ettevalmistamine veose edasiseks transportimiseks<\/li>\n<li>vajadusel veose ekspedeerimine<\/li>\n<li>erinevate veoste rahvusvaheline vedu<\/li>\n<li>kohalikud kaubaveod<\/li>\n<li>koondveoste transport<\/li>\n<\/ul>\n<p>Me hoolitseme Teie veose tarne eest nii, nagu seda oleksite teinud Teie ise, ja isegi veel paremini. Helistage meile t\u00e4psema informatsiooni saamiseks![\/vc_column_text][gt3_spacing height=&#8221;30px&#8221;][\/vc_column][\/vc_row]\n<\/div>","protected":false},"excerpt":{"rendered":"<p>[vc_row][vc_column][vc_custom_heading source=&#8221;post_title&#8221; use_theme_fonts=&#8221;yes&#8221; css=&#8221;.vc_custom_1537906385437{margin-bottom: 25px !important;}&#8221;][vc_column_text]Pakume kolimis-ja veoteenuseid alates 2012. aastast.\u00a0 Selle aja jooksul on meie poolt t\u00e4idetud suur hulk erinevat liiki ja erineva raskusastmega t\u00f6id. Meie teenuseid kasutavad nii eraisikud, kui ka erinevad firmad. Meil on individuaalne l\u00e4henemine igale tellimusele \u2014\u00a0meie jaoks on esmat\u00e4htis l\u00f5pptulemus ja kliendi rahulolu. Lisaks sellele, et v\u00f5ite meie juurest [&hellip;]<\/p>\n","protected":false},"author":1,"featured_media":0,"parent":3287,"menu_order":0,"comment_status":"closed","ping_status":"closed","template":"","meta":{"footnotes":""},"class_list":["post-3726","page","type-page","status-publish","hentry"],"_links":{"self":[{"href":"https:\/\/fillenergi.ee\/et\/wp-json\/wp\/v2\/pages\/3726","targetHints":{"allow":["GET"]}}],"collection":[{"href":"https:\/\/fillenergi.ee\/et\/wp-json\/wp\/v2\/pages"}],"about":[{"href":"https:\/\/fillenergi.ee\/et\/wp-json\/wp\/v2\/types\/page"}],"author":[{"embeddable":true,"href":"https:\/\/fillenergi.ee\/et\/wp-json\/wp\/v2\/users\/1"}],"replies":[{"embeddable":true,"href":"https:\/\/fillenergi.ee\/et\/wp-json\/wp\/v2\/comments?post=3726"}],"version-history":[{"count":2,"href":"https:\/\/fillenergi.ee\/et\/wp-json\/wp\/v2\/pages\/3726\/revisions"}],"predecessor-version":[{"id":3730,"href":"https:\/\/fillenergi.ee\/et\/wp-json\/wp\/v2\/pages\/3726\/revisions\/3730"}],"up":[{"embeddable":true,"href":"https:\/\/fillenergi.ee\/et\/wp-json\/wp\/v2\/pages\/3287"}],"wp:attachment":[{"href":"https:\/\/fillenergi.ee\/et\/wp-json\/wp\/v2\/media?parent=3726"}],"curies":[{"name":"wp","href":"https:\/\/api.w.org\/{rel}","templated":true}]}}