{"id":3740,"date":"2018-09-25T01:21:44","date_gmt":"2018-09-25T01:21:44","guid":{"rendered":"https:\/\/fillenergi.ee\/product\/olimp\/"},"modified":"2018-11-05T19:21:14","modified_gmt":"2018-11-05T19:21:14","slug":"olimp","status":"publish","type":"product","link":"https:\/\/fillenergi.ee\/et\/toode\/olimp\/","title":{"rendered":"Olimp"},"content":{"rendered":"","protected":false},"excerpt":{"rendered":"<p>Uuenduslikke \u00f6koloogilisi OLIMP graanuleid kasutatakse majade, eluruumide ja tootmisettev\u00f5tete, eriti kui need paiknevad linnas\u00fcdames, ning eriotstarbeliste kaitsealade k\u00fctmiseks. Antud graanulid on suurep\u00e4raseks alternatiiviks: peeneteralisele s\u00f6ele, s\u00f6etolmule, masuudile, k\u00fcttegaaasile ja \u00f5lidele. Toodet on \u00e4\u00e4rmiselt lihtne kasutada ning see on \u00f6koloogiline ja keskkonnas\u00f5bralik. Meie OLIMP graanulite ergas v\u00e4rv on antud toote suurep\u00e4rase kvaliteedi s\u00fcmboliks. Toode omab ENPlus sertifikaati. <\/p>\n<p><strong>T\u00c4HELEPANU!<\/strong> Toote transportimise ning hoidmise ajal, kaitske toodet niiskuse eest.  Lahtipakendamise j\u00e4rgselt, kasutage \u00fcksnes selleks otstarbeks etten\u00e4htud ruumides.<\/p>\n","protected":false},"featured_media":3454,"template":"","meta":[],"product_brand":[],"product_cat":[99],"product_tag":[],"class_list":{"0":"post-3740","1":"product","2":"type-product","3":"status-publish","4":"has-post-thumbnail","6":"product_cat-pelletid","8":"first","9":"instock","10":"shipping-taxable","11":"product-type-simple"},"_links":{"self":[{"href":"https:\/\/fillenergi.ee\/et\/wp-json\/wp\/v2\/product\/3740","targetHints":{"allow":["GET"]}}],"collection":[{"href":"https:\/\/fillenergi.ee\/et\/wp-json\/wp\/v2\/product"}],"about":[{"href":"https:\/\/fillenergi.ee\/et\/wp-json\/wp\/v2\/types\/product"}],"wp:featuredmedia":[{"embeddable":true,"href":"https:\/\/fillenergi.ee\/et\/wp-json\/wp\/v2\/media\/3454"}],"wp:attachment":[{"href":"https:\/\/fillenergi.ee\/et\/wp-json\/wp\/v2\/media?parent=3740"}],"wp:term":[{"taxonomy":"product_brand","embeddable":true,"href":"https:\/\/fillenergi.ee\/et\/wp-json\/wp\/v2\/product_brand?post=3740"},{"taxonomy":"product_cat","embeddable":true,"href":"https:\/\/fillenergi.ee\/et\/wp-json\/wp\/v2\/product_cat?post=3740"},{"taxonomy":"product_tag","embeddable":true,"href":"https:\/\/fillenergi.ee\/et\/wp-json\/wp\/v2\/product_tag?post=3740"}],"curies":[{"name":"wp","href":"https:\/\/api.w.org\/{rel}","templated":true}]}}