{"id":3741,"date":"2018-09-25T01:24:02","date_gmt":"2018-09-25T01:24:02","guid":{"rendered":"https:\/\/fillenergi.ee\/product\/task\/"},"modified":"2018-11-05T19:19:10","modified_gmt":"2018-11-05T19:19:10","slug":"task","status":"publish","type":"product","link":"https:\/\/fillenergi.ee\/et\/toode\/task\/","title":{"rendered":"Task"},"content":{"rendered":"","protected":false},"excerpt":{"rendered":"<p>Pellet TASK PREMIUM &#8211; unikaalse kvaliteediga pelletid, mille valmistamisel kasutatakse sertifitseeritud puidu FSC \u0438 PFC j\u00e4\u00e4ke (ilma kooreta) \u2013 hakkepuit pressitakse kokku \u00fcksnes k\u00f5rgkvaliteetsest kuivpuidust  niiskusega 8-10% . Kasutatakse majade, eluruumide ja tootmisettev\u00f5tete, eriti kui need paiknevad linnas\u00fcdames, ning eriotstarbeliste kaitsealade k\u00fctmiseks. Antud graanulid on suurep\u00e4raseks alternatiiviks: peeneteralisele s\u00f6ele, s\u00f6etolmule, masuudile, k\u00fcttegaaasile ja \u00f5lidele. Toodet on \u00e4\u00e4rmiselt lihtne kasutada ning see on \u00f6koloogiline ja keskkonnas\u00f5bralik. Toode omab ENPlus sertifikaati.<\/p>\n<p><strong>T\u00c4HELEPANU!<\/strong> Transportimise ja hoidmise ajal, kaitske toodet niiskuse ees. tLahtipakendamise j\u00e4rgselt, kasutage \u00fcksnes selleks otstarbeks etten\u00e4htud ruumides.<\/p>\n","protected":false},"featured_media":3467,"template":"","meta":[],"product_brand":[],"product_cat":[99],"product_tag":[],"class_list":{"0":"post-3741","1":"product","2":"type-product","3":"status-publish","4":"has-post-thumbnail","6":"product_cat-pelletid","8":"first","9":"instock","10":"shipping-taxable","11":"product-type-simple"},"_links":{"self":[{"href":"https:\/\/fillenergi.ee\/et\/wp-json\/wp\/v2\/product\/3741","targetHints":{"allow":["GET"]}}],"collection":[{"href":"https:\/\/fillenergi.ee\/et\/wp-json\/wp\/v2\/product"}],"about":[{"href":"https:\/\/fillenergi.ee\/et\/wp-json\/wp\/v2\/types\/product"}],"wp:featuredmedia":[{"embeddable":true,"href":"https:\/\/fillenergi.ee\/et\/wp-json\/wp\/v2\/media\/3467"}],"wp:attachment":[{"href":"https:\/\/fillenergi.ee\/et\/wp-json\/wp\/v2\/media?parent=3741"}],"wp:term":[{"taxonomy":"product_brand","embeddable":true,"href":"https:\/\/fillenergi.ee\/et\/wp-json\/wp\/v2\/product_brand?post=3741"},{"taxonomy":"product_cat","embeddable":true,"href":"https:\/\/fillenergi.ee\/et\/wp-json\/wp\/v2\/product_cat?post=3741"},{"taxonomy":"product_tag","embeddable":true,"href":"https:\/\/fillenergi.ee\/et\/wp-json\/wp\/v2\/product_tag?post=3741"}],"curies":[{"name":"wp","href":"https:\/\/api.w.org\/{rel}","templated":true}]}}