{"id":3742,"date":"2018-09-25T01:26:27","date_gmt":"2018-09-25T01:26:27","guid":{"rendered":"https:\/\/fillenergi.ee\/product\/granulita\/"},"modified":"2018-11-05T19:17:06","modified_gmt":"2018-11-05T19:17:06","slug":"granulita","status":"publish","type":"product","link":"https:\/\/fillenergi.ee\/et\/toode\/granulita\/","title":{"rendered":"Granulita"},"content":{"rendered":"","protected":false},"excerpt":{"rendered":"<p>Suurep\u00e4rase kvaliteediga puitgraanulid, mis on valmistatud Leedu okaspuudest.\u00a0 Toode on sertifitseeritud vastavalt DIN Plus ja EN Plus standarditele. Kasutatakse majade, eluruumide ja tootmisettev\u00f5tete, eriti kui need paiknevad linnas\u00fcdames, ning eriotstarbeliste kaitsealade k\u00fctmiseks. Antud graanulid on suurep\u00e4raseks alternatiiviks: peeneteralisele s\u00f6ele, s\u00f6etolmule, masuudile, k\u00fcttegaaasile ja \u00f5lidele. Toodet on \u00e4\u00e4rmiselt lihtne kasutada ning see on \u00f6koloogiline ja keskkonnas\u00f5bralik. Pakendatud 15 kg pakenditesse.<\/p>\n<p><strong>T\u00c4HELEPANU!<\/strong> Transportimise ja hoidmise ajal, kaitske toodet niiskuse eest. Lahtipakendamise j\u00e4rgselt, kasutage \u00fcksnes selleks otstarbeks etten\u00e4htud ruumides.<\/p>\n","protected":false},"featured_media":3464,"template":"","meta":[],"product_brand":[],"product_cat":[99],"product_tag":[],"class_list":{"0":"post-3742","1":"product","2":"type-product","3":"status-publish","4":"has-post-thumbnail","6":"product_cat-pelletid","8":"first","9":"instock","10":"shipping-taxable","11":"product-type-simple"},"_links":{"self":[{"href":"https:\/\/fillenergi.ee\/et\/wp-json\/wp\/v2\/product\/3742","targetHints":{"allow":["GET"]}}],"collection":[{"href":"https:\/\/fillenergi.ee\/et\/wp-json\/wp\/v2\/product"}],"about":[{"href":"https:\/\/fillenergi.ee\/et\/wp-json\/wp\/v2\/types\/product"}],"wp:featuredmedia":[{"embeddable":true,"href":"https:\/\/fillenergi.ee\/et\/wp-json\/wp\/v2\/media\/3464"}],"wp:attachment":[{"href":"https:\/\/fillenergi.ee\/et\/wp-json\/wp\/v2\/media?parent=3742"}],"wp:term":[{"taxonomy":"product_brand","embeddable":true,"href":"https:\/\/fillenergi.ee\/et\/wp-json\/wp\/v2\/product_brand?post=3742"},{"taxonomy":"product_cat","embeddable":true,"href":"https:\/\/fillenergi.ee\/et\/wp-json\/wp\/v2\/product_cat?post=3742"},{"taxonomy":"product_tag","embeddable":true,"href":"https:\/\/fillenergi.ee\/et\/wp-json\/wp\/v2\/product_tag?post=3742"}],"curies":[{"name":"wp","href":"https:\/\/api.w.org\/{rel}","templated":true}]}}