{"id":3743,"date":"2018-09-25T01:28:47","date_gmt":"2018-09-25T01:28:47","guid":{"rendered":"https:\/\/fillenergi.ee\/product\/%d0%b4%d1%80%d0%b5%d0%b2%d0%b5%d1%81%d0%bd%d1%8b%d0%b9-%d1%83%d0%b3%d0%be%d0%bb%d1%8c\/"},"modified":"2018-11-08T17:29:21","modified_gmt":"2018-11-08T17:29:21","slug":"puususi","status":"publish","type":"product","link":"https:\/\/fillenergi.ee\/et\/toode\/puususi\/","title":{"rendered":"Puus\u00fcsi"},"content":{"rendered":"<p>Puus\u00fcsi on tahke, poorne, k\u00f5rge s\u00fcsiniku sisaldusega toode, mis on saadud puidust, kuumutades seda ilma \u00f5huta (v\u00f5i v\u00e4hese \u00f5hu ligip\u00e4\u00e4suga) retortides, ahjudes v\u00f5i kuhjas.<\/p>\n<p>Puus\u00f6e soojusenergia s\u00f5ltub selle niiskusest ja tootmise temperatuurist. T\u00e4iesti kuiva puus\u00f6e keskmine spetsiifiline soojusmaht on 0,2 kcal\/kg. 380\u00b0-500\u00b0 -ga p\u00f5letava puus\u00f6e k\u00fcttev\u00e4\u00e4rtus on 7500-8170 kcal\/kg. Retortides v\u00f5i ahjudes v\u00e4rskelt toodetud puus\u00f6e niiskusesisaldus on 2-4%. Kui puus\u00fcsi on ladustatud suletud laos, t\u00f5useb selle niiskusesisaldus 7-15% -ni.<\/p>\n<p>Puus\u00f6e tuha sisaldus ei tohi \u00fcletada 3%, lenduv sisaldus ei tohi \u00fcletada 20%, lehtpuidust toodetud 1 L. puus\u00f6e mass ei tohi olla v\u00e4hem kui 210 g.<\/p>\n<p>Puus\u00f6es eristatakse lenduvat ja mittelenduvat s\u00fcsinik, seda saab eemaldada kaltsineerimisel CO, CO2, CH4 ja muude s\u00fcsivesinikega.<\/p>\n<p>Puus\u00f6e elementaarne koostis s\u00f5ltub peamiselt s\u00f6estumise temperatuurist: mida k\u00f5rgem on temperatuur, seda rohkem on puus\u00f6es s\u00fcsiniku ja v\u00e4hem vesinikku, hapnikku ja l\u00e4mmastikku. N\u00e4iteks 450\u00b0 C juures toodetud puus\u00fcsi sisaldab (kuiv ja tuhata mass): 84,9% C, 3,1% H ja 12% (O + N). Fosforisisaldus puus\u00f6es, mis on saadud koorimata puidust on: 0, 016% m\u00e4nd, 0, 017% kuusk ja 0, 037% kask. Puus\u00fcsi on v\u00f5imeline lisama hapnikku tavalise temperatuuri juures, mis seletab kalduvust iseeneslikult s\u00fcttida.<\/p>\n<p>Puus\u00f6e saab valmistada okaspuidust v\u00f5i lehtpuidust. Puus\u00fcsi on jagatud kahte r\u00fchma: v\u00e4ike (v\u00e4hemalt 6-12 mm.) ja suur (v\u00e4hemalt 25 mm).<\/p>\n<p>Puus\u00f6e tulemus on 30-40% kuivast puidu massist, mida kasutatakse selle tootmiseks.<\/p>\n<p><strong>Puus\u00f6e peamised kasutusalad:<\/strong><\/p>\n<ul>\n<li>Puus\u00fctt kasutatakse k\u00fctusena kaminates, grillides ja muudele sarnastes seadmetes<\/li>\n<\/ul>\n<p>Erinevus tavalisest k\u00fctusest (n\u00e4iteks k\u00fcttepuit), puus\u00fcsi ei tekita suitsu ja avatud leeki, kui see on \u00f5ieti s\u00fc\u00fcdatud, ta annab ainult vajalikku temperatuuri &#8211; soojust. See on p\u00f5hjus, miks paljud baarid ja restoranid kasutavad puus\u00fctt erinevate toiduainete valmistamiseks. Pole vaja oodata kuni puit s\u00f6estub, sest puus\u00fcsi on juba valmis. T\u00e4htis asjaolu on ka see, et puus\u00fctt saab kasutada k\u00fctuseks kaminate jaoks. Lisandite puudumise ja k\u00f5rge s\u00fcsinikusisalduse t\u00f5ttu puus\u00fcsi p\u00f5leb pikka aega (annab soojust) ja see ei eralda \u00a0l\u00f5hna (suitsu).<\/p>\n","protected":false},"excerpt":{"rendered":"<p>Puus\u00f6e k\u00f5rge poorsus tingib tema suure sorbeerimisv\u00f5ime. 1 grammi s\u00f6e eripind on 160-400 m2, pooride mahu ja s\u00f6et\u00fcki ruumala suhe, olenevalt puu liigist: \u00a0kask &#8211; 72%, kuusk &#8211; 80%. \u00a0Puus\u00f6e tihedus, olenevalt puu liigist:\u00a0 kask &#8211; 0, 38, m\u00e4nd &#8211; 0, 29, kuusk 0, 26 g\/cm3; puus\u00f6e t\u00f5eline tihedus on 1, 3-1, 5 g\/cm3.<\/p>\n<p><strong>Absoluutselt kuiva puistes\u00f6e \u00fche kuupmeetri kaal, olenevalt puu liigist:<\/strong><\/p>\n<ul>\n<li>kuusk 100-120 kg.<\/li>\n<li>m\u00e4nd 130-140 kg.<\/li>\n<li>kask 175-185 kg.<\/li>\n<li>p\u00f6\u00f6k umbes 195 kg.<\/li>\n<\/ul>\n","protected":false},"featured_media":3470,"template":"","meta":[],"product_brand":[],"product_cat":[100],"product_tag":[],"class_list":{"0":"post-3743","1":"product","2":"type-product","3":"status-publish","4":"has-post-thumbnail","6":"product_cat-susi","8":"first","9":"instock","10":"shipping-taxable","11":"product-type-simple"},"_links":{"self":[{"href":"https:\/\/fillenergi.ee\/et\/wp-json\/wp\/v2\/product\/3743","targetHints":{"allow":["GET"]}}],"collection":[{"href":"https:\/\/fillenergi.ee\/et\/wp-json\/wp\/v2\/product"}],"about":[{"href":"https:\/\/fillenergi.ee\/et\/wp-json\/wp\/v2\/types\/product"}],"wp:featuredmedia":[{"embeddable":true,"href":"https:\/\/fillenergi.ee\/et\/wp-json\/wp\/v2\/media\/3470"}],"wp:attachment":[{"href":"https:\/\/fillenergi.ee\/et\/wp-json\/wp\/v2\/media?parent=3743"}],"wp:term":[{"taxonomy":"product_brand","embeddable":true,"href":"https:\/\/fillenergi.ee\/et\/wp-json\/wp\/v2\/product_brand?post=3743"},{"taxonomy":"product_cat","embeddable":true,"href":"https:\/\/fillenergi.ee\/et\/wp-json\/wp\/v2\/product_cat?post=3743"},{"taxonomy":"product_tag","embeddable":true,"href":"https:\/\/fillenergi.ee\/et\/wp-json\/wp\/v2\/product_tag?post=3743"}],"curies":[{"name":"wp","href":"https:\/\/api.w.org\/{rel}","templated":true}]}}